{"id":145,"date":"2016-09-26T02:08:58","date_gmt":"2016-09-26T02:08:58","guid":{"rendered":"http:\/\/sw-themes.com\/porto_dummy\/?page_id=8"},"modified":"2023-10-22T17:25:02","modified_gmt":"2023-10-22T17:25:02","slug":"kurumsal","status":"publish","type":"page","link":"https:\/\/www.artroline.com.tr\/en\/kurumsal\/","title":{"rendered":"Corprate"},"content":{"rendered":"<div class=\"vc_row wpb_row vc_row-fluid\"><div class=\"vc_column_container vc_col-sm-12 vc_col-md-8\"><div class=\"wpb_wrapper vc_column-inner\"><h2 style=\"text-align: left\" class=\"vc_custom_heading m-b-xs\">Artrotek T\u0131bbi Malzeme San. ve Tic. Ltd. \u015eti<\/h2>\n\t<div class=\"wpb_text_column wpb_content_element  lead\" >\n\t\t<div class=\"wpb_wrapper\">\n\t\t\t<p>In January 2018, we gathered our surgical product experience, which we started with the regional distribution of orthopedic surgery products in 2008, under the umbrella of Artrotek, which knows the solution needs of arthroscopy and can bring innovative technical approaches to its basic problems.<\/p>\n\n\t\t<\/div>\n\t<\/div>\n\n\t<div class=\"wpb_text_column wpb_content_element\" >\n\t\t<div class=\"wpb_wrapper\">\n\t\t\t<p>Since the first day of its establishment, Artrotek has established its technical infrastructure in order to obtain approvals from internationally accepted organizations for the registration of the standards of its products, which it has made R&amp;D, in this process, which it has started on the basis of human health and safety, and being aware of the dynamic structure of the market that needs continuous development. It aims to take an active role in the national and global market by targeting the sensitivity to research and development.<\/p>\n\n\t\t<\/div>\n\t<\/div>\n<\/div><\/div><div class=\"vc_column_container vc_col-sm-12 vc_col-md-4\"><div class=\"wpb_wrapper vc_column-inner\"><div class=\"porto-carousel owl-carousel  nav-inside\" data-plugin-options=\"{&quot;stagePadding&quot;:0,&quot;margin&quot;:10,&quot;autoplay&quot;:&quot;yes&quot;,&quot;autoplayTimeout&quot;:3000,&quot;autoplayHoverPause&quot;:false,&quot;items&quot;:1,&quot;lg&quot;:1,&quot;md&quot;:1,&quot;sm&quot;:1,&quot;xs&quot;:1,&quot;nav&quot;:false,&quot;dots&quot;:&quot;yes&quot;,&quot;animateIn&quot;:&quot;&quot;,&quot;animateOut&quot;:&quot;&quot;,&quot;loop&quot;:&quot;yes&quot;,&quot;center&quot;:false,&quot;video&quot;:false,&quot;lazyLoad&quot;:false}\">\r\r\n\t<div class=\"wpb_single_image wpb_content_element vc_align_center\">\r\r\n\t\t<div class=\"wpb_wrapper\">\r\r\n\t\t\t\r\r\n\t\t\t<div class=\"vc_single_image-wrapper   vc_box_border_grey\"><img decoding=\"async\" class=\"vc_single_image-img\"  src=\"http:\/\/sw-themes.com\/porto_dummy\/wp-content\/uploads\/images\/medical\/gallery-2.jpg\" \/><\/div>\r\r\n\t\t<\/div>\r\r\n\t<\/div>\r\r\n\r\r\n\t<div class=\"wpb_single_image wpb_content_element vc_align_center\">\r\r\n\t\t<div class=\"wpb_wrapper\">\r\r\n\t\t\t\r\r\n\t\t\t<div class=\"vc_single_image-wrapper   vc_box_border_grey\"><img decoding=\"async\" class=\"vc_single_image-img\"  src=\"http:\/\/sw-themes.com\/porto_dummy\/wp-content\/uploads\/images\/medical\/gallery-3.jpg\" \/><\/div>\r\r\n\t\t<\/div>\r\r\n\t<\/div>\r\r\n<\/div>\r\r\n\t<div class=\"wpb_single_image wpb_content_element vc_align_center\">\r\r\n\t\t<div class=\"wpb_wrapper\">\r\r\n\t\t\t\r\r\n\t\t\t<div class=\"vc_single_image-wrapper   vc_box_border_grey\"><img loading=\"lazy\" decoding=\"async\" width=\"1390\" height=\"323\" src=\"https:\/\/www.artroline.com.tr\/wp-content\/uploads\/2023\/10\/logo.png\" class=\"vc_single_image-img attachment-full\" alt=\"\" srcset=\"https:\/\/www.artroline.com.tr\/wp-content\/uploads\/2023\/10\/logo.png 1390w, https:\/\/www.artroline.com.tr\/wp-content\/uploads\/2023\/10\/logo-300x70.png 300w, https:\/\/www.artroline.com.tr\/wp-content\/uploads\/2023\/10\/logo-1024x238.png 1024w, https:\/\/www.artroline.com.tr\/wp-content\/uploads\/2023\/10\/logo-768x178.png 768w, https:\/\/www.artroline.com.tr\/wp-content\/uploads\/2023\/10\/logo-18x4.png 18w, https:\/\/www.artroline.com.tr\/wp-content\/uploads\/2023\/10\/logo-600x139.png 600w\" sizes=\"(max-width: 1390px) 100vw, 1390px\" \/><\/div>\r\r\n\t\t<\/div>\r\r\n\t<\/div>\r\r\n<\/div><\/div><\/div><div data-vc-full-width=\"true\" data-vc-full-width-init=\"false\" data-vc-stretch-content=\"true\" class=\"vc_row wpb_row vc_row-fluid m-b-n-xl m-t-xl section section-default section-no-borders vc_row-no-padding\"><div class=\"porto-wrap-container container\"><div class=\"row\"><div class=\"vc_column_container vc_col-sm-8\"><div class=\"wpb_wrapper vc_column-inner\"><h3 style=\"text-align: center\" class=\"vc_custom_heading m-b-sm\">\"Health is the most important thing you have in life!\"<\/h3><p style=\"font-size: 17px;text-align: center\" class=\"vc_custom_heading\">You can contact us for detailed information about our products.<\/p><\/div><\/div><div class=\"vc_column_container vc_col-sm-4\"><div class=\"wpb_wrapper vc_column-inner\">\r\n<div class=\"vc_btn3-container  m-t-sm vc_btn3-center\"><a class=\"vc_btn3 vc_btn3-shape-square btn btn-lg btn-primary\" href=\"https:\/\/www.artroline.com.tr\/en\/iletisim\/\" title=\"\">Contact<\/a><\/div><\/div><\/div><\/div><\/div><\/div><div class=\"vc_row-full-width vc_clearfix\"><\/div>","protected":false},"excerpt":{"rendered":"Artrotek T\u0131bbi Malzeme San. ve Tic. Ltd. \u015eti 2008 y\u0131l\u0131nda ortopedi cerrahisi \u00fcr\u00fcnlerinin \u00a0b\u00f6lgesel da\u011f\u0131t\u0131c\u0131l\u0131\u011fa ile ba\u015flam\u0131\u015f oldu\u011fumuz, cerrahi \u00fcr\u00fcn deneyimimizi, \u00a02018 y\u0131l\u0131 ocak ay\u0131nda, atroskopinin \u00e7\u00f6z\u00fcm ihtiya\u00e7lar\u0131n\u0131 bilen ve temel problemlerine yenilik\u00e7i teknik yakla\u015f\u0131mlar getirebilen\u00a0Artrotek\u00a0\u00e7at\u0131s\u0131 alt\u0131nda toplad\u0131k. Artrotek\u00a0kuruldu\u011fu ilk g\u00fcnden g\u00fcnden itibaren , \u0130nsan sa\u011fl\u0131\u011f\u0131n\u0131 ve emniyetini temel alarak ba\u015flam\u0131\u015f oldu\u011fu bu s\u00fcre\u00e7te, ar-gesini [...]","protected":false},"author":1,"featured_media":0,"parent":0,"menu_order":0,"comment_status":"closed","ping_status":"closed","template":"","meta":{"footnotes":""},"class_list":["post-145","page","type-page","status-publish","hentry"],"_links":{"self":[{"href":"https:\/\/www.artroline.com.tr\/en\/wp-json\/wp\/v2\/pages\/145"}],"collection":[{"href":"https:\/\/www.artroline.com.tr\/en\/wp-json\/wp\/v2\/pages"}],"about":[{"href":"https:\/\/www.artroline.com.tr\/en\/wp-json\/wp\/v2\/types\/page"}],"author":[{"embeddable":true,"href":"https:\/\/www.artroline.com.tr\/en\/wp-json\/wp\/v2\/users\/1"}],"replies":[{"embeddable":true,"href":"https:\/\/www.artroline.com.tr\/en\/wp-json\/wp\/v2\/comments?post=145"}],"version-history":[{"count":7,"href":"https:\/\/www.artroline.com.tr\/en\/wp-json\/wp\/v2\/pages\/145\/revisions"}],"predecessor-version":[{"id":542,"href":"https:\/\/www.artroline.com.tr\/en\/wp-json\/wp\/v2\/pages\/145\/revisions\/542"}],"wp:attachment":[{"href":"https:\/\/www.artroline.com.tr\/en\/wp-json\/wp\/v2\/media?parent=145"}],"curies":[{"name":"wp","href":"https:\/\/api.w.org\/{rel}","templated":true}]}}