{"id":20,"date":"2016-09-26T02:12:27","date_gmt":"2016-09-26T02:12:27","guid":{"rendered":"http:\/\/sw-themes.com\/porto_dummy\/?page_id=20"},"modified":"2023-10-22T17:36:29","modified_gmt":"2023-10-22T17:36:29","slug":"iletisim","status":"publish","type":"page","link":"https:\/\/www.artroline.com.tr\/en\/iletisim\/","title":{"rendered":"Contact"},"content":{"rendered":"<div class=\"vc_row wpb_row vc_row-fluid\"><div class=\"vc_column_container vc_col-sm-3\"><div class=\"wpb_wrapper vc_column-inner\"><div class=\"porto-feature-box wpb_content_element\"><div class=\"feature-box feature-box-primary feature-box-style-2\"><div class=\"feature-box-icon\"><i class=\"Simple-Line-Icons-location-pin\"><\/i><\/div><div class=\"feature-box-info\"><h4 style=\"text-align: left\" class=\"vc_custom_heading m-b-sm font-weight-normal\">Address<\/h4>\n\t<div class=\"wpb_text_column wpb_content_element  font-size-lg\" >\n\t\t<div class=\"wpb_wrapper\">\n\t\t\t<p>Ye\u015filoba Mah. 46205 Sk. C Blok No: 17\/1L<br \/>\nSeyhan \/ Adana \/ T\u00dcRK\u0130YE<\/p>\n\n\t\t<\/div>\n\t<\/div>\n<\/div><\/div><\/div><\/div><\/div><div class=\"vc_column_container vc_col-sm-3\"><div class=\"wpb_wrapper vc_column-inner\"><div class=\"porto-feature-box wpb_content_element\"><div class=\"feature-box feature-box-primary feature-box-style-2\"><div class=\"feature-box-icon\"><i class=\"Simple-Line-Icons-phone\"><\/i><\/div><div class=\"feature-box-info\"><h4 style=\"text-align: left\" class=\"vc_custom_heading m-b-sm font-weight-normal\">Phone<\/h4>\n\t<div class=\"wpb_text_column wpb_content_element  font-size-lg\" >\n\t\t<div class=\"wpb_wrapper\">\n\t\t\t<p>+90 (322) 504 85 85<\/p>\n\n\t\t<\/div>\n\t<\/div>\n<\/div><\/div><\/div><\/div><\/div><div class=\"vc_column_container vc_col-sm-3\"><div class=\"wpb_wrapper vc_column-inner\"><div class=\"porto-feature-box wpb_content_element\"><div class=\"feature-box feature-box-primary feature-box-style-2\"><div class=\"feature-box-icon\"><i class=\"Simple-Line-Icons-screen-smartphone\"><\/i><\/div><div class=\"feature-box-info\"><h4 style=\"text-align: left\" class=\"vc_custom_heading m-b-sm font-weight-normal\">Mobile<\/h4>\n\t<div class=\"wpb_text_column wpb_content_element  font-size-lg\" >\n\t\t<div class=\"wpb_wrapper\">\n\t\t\t<p>+90 (542) 466 06 01<\/p>\n\n\t\t<\/div>\n\t<\/div>\n<\/div><\/div><\/div><\/div><\/div><div class=\"vc_column_container vc_col-sm-3\"><div class=\"wpb_wrapper vc_column-inner\"><div class=\"porto-feature-box wpb_content_element\"><div class=\"feature-box feature-box-primary feature-box-style-2\"><div class=\"feature-box-icon\"><i class=\"Simple-Line-Icons-envelope\"><\/i><\/div><div class=\"feature-box-info\"><h4 style=\"text-align: left\" class=\"vc_custom_heading m-b-sm font-weight-normal\">Email<\/h4>\n\t<div class=\"wpb_text_column wpb_content_element  font-size-lg\" >\n\t\t<div class=\"wpb_wrapper\">\n\t\t\t<p class=\"font-size-lg\">info@artrotek.com.tr<\/p>\n\n\t\t<\/div>\n\t<\/div>\n<\/div><\/div><\/div><\/div><\/div><\/div><div class=\"vc_row wpb_row vc_row-fluid\"><div class=\"vc_column_container vc_col-sm-12\"><div class=\"wpb_wrapper vc_column-inner\"><div class=\"porto-separator tall  m-t-sm\"><hr class=\"separator-line  align_center solid\"><\/div><\/div><\/div><\/div><div class=\"vc_row wpb_row vc_row-fluid\"><div class=\"vc_column_container vc_col-sm-6\"><div class=\"wpb_wrapper vc_column-inner\"><div class=\"wpb_gmaps_widget wpb_content_element\" >\n\t\t<div class=\"wpb_wrapper\">\n\t\t<div class=\"wpb_map_wraper\">\n\t\t\t<iframe src=\"https:\/\/www.google.com\/maps\/embed?pb=!1m14!1m8!1m3!1d12747.725756714464!2d35.2402964!3d36.9875697!3m2!1i1024!2i768!4f13.1!3m3!1m2!1s0x15288f906d7f893d%3A0x41dd3162f01551eb!2sArtrotek%20T%C4%B1bbi%20Malzeme%20San.%20ve%20Tic.%20Ltd!5e0!3m2!1str!2str!4v1697995248718!5m2!1str!2str\" width=\"600\" height=\"450\" style=\"border:0;\" allowfullscreen=\"\" loading=\"lazy\" referrerpolicy=\"no-referrer-when-downgrade\"><\/iframe>\t\t<\/div>\n\t<\/div>\n<\/div>\n<\/div><\/div><div class=\"vc_column_container vc_col-sm-6\"><div class=\"wpb_wrapper vc_column-inner\"><h4 style=\"text-align: left\" class=\"vc_custom_heading m-b-sm font-weight-normal\">Contact Form<\/h4>\n\t<div class=\"wpb_text_column wpb_content_element\" >\n\t\t<div class=\"wpb_wrapper\">\n\t\t\t<div id=\"quform-5e3292\" class=\"quform quform-1 quform-theme-simple quform-support-page-caching\"><form id=\"quform-form-5e3292\" class=\"quform-form quform-form-1\" action=\"\/en\/wp-json\/wp\/v2\/pages\/20#quform-5e3292\" method=\"post\" enctype=\"multipart\/form-data\" novalidate=\"novalidate\" data-options=\"{&quot;id&quot;:1,&quot;uniqueId&quot;:&quot;5e3292&quot;,&quot;theme&quot;:&quot;simple&quot;,&quot;ajax&quot;:true,&quot;logic&quot;:{&quot;logic&quot;:[],&quot;dependents&quot;:[],&quot;elementIds&quot;:[],&quot;dependentElementIds&quot;:[],&quot;animate&quot;:true},&quot;currentPageId&quot;:1,&quot;errorsIcon&quot;:&quot;&quot;,&quot;updateFancybox&quot;:true,&quot;hasPages&quot;:false,&quot;pages&quot;:[1],&quot;pageProgressType&quot;:&quot;numbers&quot;,&quot;tooltipsEnabled&quot;:true,&quot;tooltipClasses&quot;:&quot;qtip-quform-dark qtip-shadow&quot;,&quot;tooltipMy&quot;:&quot;left center&quot;,&quot;tooltipAt&quot;:&quot;right center&quot;,&quot;scrollOffset&quot;:-50,&quot;scrollSpeed&quot;:800}\" data-trp-original-action=\"\/en\/wp-json\/wp\/v2\/pages\/20#quform-5e3292\"><button class=\"quform-default-submit\" name=\"quform_submit\" type=\"submit\" value=\"submit\"><\/button><div class=\"quform-form-inner quform-form-inner-1\"><input type=\"hidden\" name=\"quform_form_id\" value=\"1\" \/><input type=\"hidden\" name=\"quform_form_uid\" value=\"5e3292\" \/><input type=\"hidden\" name=\"quform_count\" value=\"1\" \/><input type=\"hidden\" name=\"form_url\" value=\"https:\/\/www.artroline.com.tr\/en\/wp-json\/wp\/v2\/pages\/20\" \/><input type=\"hidden\" name=\"referring_url\" value=\"\" \/><input type=\"hidden\" name=\"post_id\" value=\"\" \/><input type=\"hidden\" name=\"post_title\" value=\"\" \/><input type=\"hidden\" name=\"quform_current_page_id\" value=\"1\" \/><input type=\"hidden\" name=\"quform_csrf_token\" value=\"BMGKebnHjVCwalXSzitZLvwN2bm7RnYYmjRkm5CA\" \/><div class=\"quform-elements quform-elements-1 quform-cf quform-responsive-elements-phone-landscape\"><div class=\"quform-element quform-element-page quform-page-1 quform-page-1_1 quform-cf quform-group-style-plain quform-first-page quform-last-page quform-current-page\"><div class=\"quform-child-elements\"><div class=\"quform-element quform-element-text quform-element-1_3 quform-cf quform-element-required\"><div class=\"quform-spacer\"><div class=\"quform-label quform-label-1_3\"><label class=\"quform-label-text\" for=\"quform_1_3_5e3292\">Your Name &amp; Surname<span class=\"quform-required\">*<\/span><\/label><\/div><div class=\"quform-inner quform-inner-text quform-inner-1_3\"><div class=\"quform-input quform-input-text quform-input-1_3 quform-cf\"><input type=\"text\" id=\"quform_1_3_5e3292\" name=\"quform_1_3\" class=\"quform-field quform-field-text quform-field-1_3\" \/><\/div><\/div><\/div><\/div><div class=\"quform-element quform-element-row quform-element-row-1_5 quform-2-columns quform-element-row-size-fixed quform-responsive-columns-phone-landscape\"><div class=\"quform-element quform-element-column quform-element-1_6\"><div class=\"quform-element quform-element-text quform-element-1_4 quform-cf quform-element-required\"><div class=\"quform-spacer\"><div class=\"quform-label quform-label-1_4\"><label class=\"quform-label-text\" for=\"quform_1_4_5e3292\">Your Phone Number<span class=\"quform-required\">*<\/span><\/label><\/div><div class=\"quform-inner quform-inner-text quform-inner-1_4\"><div class=\"quform-input quform-input-text quform-input-1_4 quform-cf\"><input type=\"text\" id=\"quform_1_4_5e3292\" name=\"quform_1_4\" class=\"quform-field quform-field-text quform-field-1_4\" \/><\/div><\/div><\/div><\/div><\/div><div class=\"quform-element quform-element-column quform-element-1_7\"><div class=\"quform-element quform-element-email quform-element-1_8 quform-cf quform-element-required\"><div class=\"quform-spacer\"><div class=\"quform-label quform-label-1_8\"><label class=\"quform-label-text\" for=\"quform_1_8_5e3292\">Your Email Address<span class=\"quform-required\">*<\/span><\/label><\/div><div class=\"quform-inner quform-inner-email quform-inner-1_8\"><div class=\"quform-input quform-input-email quform-input-1_8 quform-cf\"><input type=\"email\" id=\"quform_1_8_5e3292\" name=\"quform_1_8\" class=\"quform-field quform-field-email quform-field-1_8\" \/><\/div><\/div><\/div><\/div><\/div><\/div><div class=\"quform-element quform-element-text quform-element-1_9 quform-cf quform-element-required\"><div class=\"quform-spacer\"><div class=\"quform-label quform-label-1_9\"><label class=\"quform-label-text\" for=\"quform_1_9_5e3292\">Subject<span class=\"quform-required\">*<\/span><\/label><\/div><div class=\"quform-inner quform-inner-text quform-inner-1_9\"><div class=\"quform-input quform-input-text quform-input-1_9 quform-cf\"><input type=\"text\" id=\"quform_1_9_5e3292\" name=\"quform_1_9\" class=\"quform-field quform-field-text quform-field-1_9\" \/><\/div><\/div><\/div><\/div><div class=\"quform-element quform-element-textarea quform-element-1_10 quform-cf quform-element-optional\"><div class=\"quform-spacer\"><div class=\"quform-label quform-label-1_10\"><label class=\"quform-label-text\" for=\"quform_1_10_5e3292\">Your Message<\/label><\/div><div class=\"quform-inner quform-inner-textarea quform-inner-1_10\"><div class=\"quform-input quform-input-textarea quform-input-1_10 quform-cf\"><textarea id=\"quform_1_10_5e3292\" name=\"quform_1_10\" class=\"quform-field quform-field-textarea quform-field-1_10\"><\/textarea><\/div><\/div><\/div><\/div><div class=\"quform-element quform-element-submit quform-element-1_2 quform-cf quform-button-style-theme quform-button-size-medium quform-button-width-medium\"><div class=\"quform-button-submit quform-button-submit-default quform-button-submit-1_2\"><button name=\"quform_submit\" type=\"submit\" class=\"quform-submit\" value=\"submit\"><span class=\"quform-button-text quform-button-submit-text\">Send<\/span><\/button><\/div><div class=\"quform-loading quform-loading-position-left quform-loading-type-spinner-1\"><div class=\"quform-loading-inner\"><div class=\"quform-loading-spinner\"><div class=\"quform-loading-spinner-inner\"><\/div><\/div><\/div><\/div><\/div><div class=\"quform-element-tree\"><label for=\"quform_1_0_5e3292\">This field should be left blank<\/label><input type=\"text\" id=\"quform_1_0_5e3292\" name=\"quform_1_0\" class=\"quform-field quform-field-tree quform-field-1_0\" tabindex=\"-1\" autocomplete=\"off\" \/><\/div><\/div><\/div><\/div><\/div><input type=\"hidden\" name=\"trp-form-language\" value=\"en\"\/><\/form><\/div>\n\n\t\t<\/div>\n\t<\/div>\n<\/div><\/div><\/div>","protected":false},"excerpt":{"rendered":"Adres Ye\u015filoba Mah. 46205 Sk. C Blok No: 17\/1L Seyhan \/ ADANA Telefon +90 (322) 504 85 85 Mobil +90 (542) 466 06 01 Email info@artrotek.com.tr \u0130leti\u015fim Formu Ad\u0131n\u0131z Soyad\u0131n\u0131z*Telefon Numaran\u0131z*E-posta adresiniz*Konu*Ba\u015fl\u0131ks\u0131zSendThis field should be left blank","protected":false},"author":1,"featured_media":0,"parent":0,"menu_order":0,"comment_status":"closed","ping_status":"closed","template":"","meta":{"footnotes":""},"class_list":["post-20","page","type-page","status-publish","hentry"],"_links":{"self":[{"href":"https:\/\/www.artroline.com.tr\/en\/wp-json\/wp\/v2\/pages\/20"}],"collection":[{"href":"https:\/\/www.artroline.com.tr\/en\/wp-json\/wp\/v2\/pages"}],"about":[{"href":"https:\/\/www.artroline.com.tr\/en\/wp-json\/wp\/v2\/types\/page"}],"author":[{"embeddable":true,"href":"https:\/\/www.artroline.com.tr\/en\/wp-json\/wp\/v2\/users\/1"}],"replies":[{"embeddable":true,"href":"https:\/\/www.artroline.com.tr\/en\/wp-json\/wp\/v2\/comments?post=20"}],"version-history":[{"count":7,"href":"https:\/\/www.artroline.com.tr\/en\/wp-json\/wp\/v2\/pages\/20\/revisions"}],"predecessor-version":[{"id":544,"href":"https:\/\/www.artroline.com.tr\/en\/wp-json\/wp\/v2\/pages\/20\/revisions\/544"}],"wp:attachment":[{"href":"https:\/\/www.artroline.com.tr\/en\/wp-json\/wp\/v2\/media?parent=20"}],"curies":[{"name":"wp","href":"https:\/\/api.w.org\/{rel}","templated":true}]}}