{"id":427,"date":"2022-07-13T09:04:57","date_gmt":"2022-07-13T09:04:57","guid":{"rendered":"https:\/\/www.artroline.com.tr\/?post_type=product&#038;p=427"},"modified":"2022-10-17T07:53:38","modified_gmt":"2022-10-17T07:53:38","slug":"suturlu-ve-sutursuz-dugumsuz-peektitanyum-ankor","status":"publish","type":"product","link":"https:\/\/www.artroline.com.tr\/en\/urunler\/suturlu-ve-sutursuz-dugumsuz-peektitanyum-ankor\/","title":{"rendered":"KNOTLESS WITH SUTURE PEEK+TITANIUM ANCHOR"},"content":{"rendered":"","protected":false},"excerpt":{"rendered":"<p>The distal part is manufactured by Ti -6Al-4V , it can be nailed and makes strong pressing with the proximal PEEK part.<\/p>\n<p>&nbsp;<\/p>\n<p><strong>Product Codes<\/strong><\/p>\n<ul>\n<li><span style=\"font-size: 13px;\">ADS-5035 ARTROL\u0130NE KNOTLESS W\u0130TH SUTURE PEEK+T\u0130TANIUM ANCHOR 3,5 MM<\/span><\/li>\n<li><span style=\"font-size: 13px;\">ADS-5050 ARTROL\u0130NE KNOTLESS W\u0130TH SUTURE PEEK+T\u0130TANYUM ANCHOR 5,0 MM<\/span><\/li>\n<\/ul>","protected":false},"featured_media":428,"comment_status":"closed","ping_status":"closed","template":"","meta":[],"class_list":{"0":"post-427","1":"product","2":"type-product","3":"status-publish","4":"has-post-thumbnail","6":"product_cat-omuz-urunleri","8":"first","9":"instock","10":"shipping-taxable","11":"product-type-simple"},"_links":{"self":[{"href":"https:\/\/www.artroline.com.tr\/en\/wp-json\/wp\/v2\/product\/427"}],"collection":[{"href":"https:\/\/www.artroline.com.tr\/en\/wp-json\/wp\/v2\/product"}],"about":[{"href":"https:\/\/www.artroline.com.tr\/en\/wp-json\/wp\/v2\/types\/product"}],"replies":[{"embeddable":true,"href":"https:\/\/www.artroline.com.tr\/en\/wp-json\/wp\/v2\/comments?post=427"}],"wp:featuredmedia":[{"embeddable":true,"href":"https:\/\/www.artroline.com.tr\/en\/wp-json\/wp\/v2\/media\/428"}],"wp:attachment":[{"href":"https:\/\/www.artroline.com.tr\/en\/wp-json\/wp\/v2\/media?parent=427"}],"curies":[{"name":"wp","href":"https:\/\/api.w.org\/{rel}","templated":true}]}}