{"id":467,"date":"2022-09-17T08:10:08","date_gmt":"2022-09-17T08:10:08","guid":{"rendered":"https:\/\/www.artroline.com.tr\/?post_type=product&#038;p=467"},"modified":"2022-09-17T08:44:43","modified_gmt":"2022-09-17T08:44:43","slug":"femoral-dugmeli-aski-sistemi","status":"publish","type":"product","link":"https:\/\/www.artroline.com.tr\/en\/urunler\/femoral-dugmeli-aski-sistemi\/","title":{"rendered":"FEMORAL LIFT SYSTEM WITH BUTTON"},"content":{"rendered":"","protected":false},"excerpt":{"rendered":"<p>It is manufactured by precision measuring from Ti -6Al-4V and UHMW-PE.<\/p>\n<p>&nbsp;<\/p>\n<p><strong>Product Codes<\/strong><\/p>\n<ul>\n<li><span style=\"font-size: 13px;\">AFB-1015 ARTROL\u0130NE FEMORAL L\u0130FT SYSTEM W\u0130TH BUTTON 15 MM<\/span><\/li>\n<li><span style=\"font-size: 13px;\">AFB-1020 ARTROL\u0130NE FEMORAL L\u0130FT SYSTEM W\u0130TH BUTTON 20 MM<\/span><\/li>\n<li><span style=\"font-size: 13px;\">AFB-1025 ARTROL\u0130NE FEMORAL L\u0130FT SYSTEM W\u0130TH BUTTON 25 MM<\/span><\/li>\n<li><span style=\"font-size: 13px;\">AFB-1030 ARTROL\u0130NE FEMORAL L\u0130FT SYSTEM W\u0130TH BUTTON 30 MM<\/span><\/li>\n<li><span style=\"font-size: 13px;\">AFB-1035 ARTROL\u0130NE FEMORAL L\u0130FT SYSTEM W\u0130TH BUTTON 35 MM<\/span><\/li>\n<li><span style=\"font-size: 13px;\">AFB-1040 ARTROL\u0130NE FEMORAL L\u0130FT SYSTEM W\u0130TH BUTTON 40MM<\/span><\/li>\n<li><span style=\"font-size: 13px;\">AFB-1045 ARTROL\u0130NE FEMORAL L\u0130FT SYSTEM W\u0130TH BUTTON 45MM<\/span><\/li>\n<li><span style=\"font-size: 13px;\">AFB-1050 ARTROL\u0130NE FEMORAL L\u0130FT SYSTEM W\u0130TH BUTTON 50 MM<\/span><\/li>\n<li><span style=\"font-size: 13px;\">AFB-1055 ARTROL\u0130NE FEMORAL L\u0130FT SYSTEM W\u0130TH BUTTON 55 MM<\/span><\/li>\n<li><span style=\"font-size: 13px;\">AFB-1060 ARTROL\u0130NE FEMORAL L\u0130FT SYSTEM W\u0130TH BUTTON 60 MM<\/span><\/li>\n<\/ul>","protected":false},"featured_media":468,"comment_status":"closed","ping_status":"closed","template":"","meta":[],"class_list":{"0":"post-467","1":"product","2":"type-product","3":"status-publish","4":"has-post-thumbnail","6":"product_cat-diz-urunleri","8":"first","9":"instock","10":"shipping-taxable","11":"product-type-simple"},"_links":{"self":[{"href":"https:\/\/www.artroline.com.tr\/en\/wp-json\/wp\/v2\/product\/467"}],"collection":[{"href":"https:\/\/www.artroline.com.tr\/en\/wp-json\/wp\/v2\/product"}],"about":[{"href":"https:\/\/www.artroline.com.tr\/en\/wp-json\/wp\/v2\/types\/product"}],"replies":[{"embeddable":true,"href":"https:\/\/www.artroline.com.tr\/en\/wp-json\/wp\/v2\/comments?post=467"}],"wp:featuredmedia":[{"embeddable":true,"href":"https:\/\/www.artroline.com.tr\/en\/wp-json\/wp\/v2\/media\/468"}],"wp:attachment":[{"href":"https:\/\/www.artroline.com.tr\/en\/wp-json\/wp\/v2\/media?parent=467"}],"curies":[{"name":"wp","href":"https:\/\/api.w.org\/{rel}","templated":true}]}}