{"id":470,"date":"2022-09-17T08:15:37","date_gmt":"2022-09-17T08:15:37","guid":{"rendered":"https:\/\/www.artroline.com.tr\/?post_type=product&#038;p=470"},"modified":"2022-10-17T07:39:55","modified_gmt":"2022-10-17T07:39:55","slug":"akromioklavikular-cift-dugme-sistemi","status":"publish","type":"product","link":"https:\/\/www.artroline.com.tr\/en\/urunler\/akromioklavikular-cift-dugme-sistemi\/","title":{"rendered":"DOUBLE BUTTON LIFT SYSTEM- AC LIFT SYSTEM"},"content":{"rendered":"","protected":false},"excerpt":{"rendered":"<p>They are products that can be adjusted to the desired extent for fixing acromioclavicular joint dislocations and syndesmosis joint dislocations.<\/p>\n<p>&nbsp;<\/p>\n<p><strong>Product Codes<\/strong><\/p>\n<ul>\n<li><span style=\"font-size: 13px;\">ALS-4001 ARTROL\u0130NE DOUBLE BUTTON L\u0130FT SYSTEM- AC L\u0130FT SYSTEM<\/span><\/li>\n<\/ul>","protected":false},"featured_media":471,"comment_status":"closed","ping_status":"closed","template":"","meta":[],"class_list":{"0":"post-470","1":"product","2":"type-product","3":"status-publish","4":"has-post-thumbnail","6":"product_cat-diz-urunleri","8":"first","9":"instock","10":"shipping-taxable","11":"product-type-simple"},"_links":{"self":[{"href":"https:\/\/www.artroline.com.tr\/en\/wp-json\/wp\/v2\/product\/470"}],"collection":[{"href":"https:\/\/www.artroline.com.tr\/en\/wp-json\/wp\/v2\/product"}],"about":[{"href":"https:\/\/www.artroline.com.tr\/en\/wp-json\/wp\/v2\/types\/product"}],"replies":[{"embeddable":true,"href":"https:\/\/www.artroline.com.tr\/en\/wp-json\/wp\/v2\/comments?post=470"}],"wp:featuredmedia":[{"embeddable":true,"href":"https:\/\/www.artroline.com.tr\/en\/wp-json\/wp\/v2\/media\/471"}],"wp:attachment":[{"href":"https:\/\/www.artroline.com.tr\/en\/wp-json\/wp\/v2\/media?parent=470"}],"curies":[{"name":"wp","href":"https:\/\/api.w.org\/{rel}","templated":true}]}}