{"id":478,"date":"2022-09-17T08:24:39","date_gmt":"2022-09-17T08:24:39","guid":{"rendered":"https:\/\/www.artroline.com.tr\/?post_type=product&#038;p=478"},"modified":"2022-09-17T08:42:39","modified_gmt":"2022-09-17T08:42:39","slug":"titanyum-interferans-vidasi","status":"publish","type":"product","link":"https:\/\/www.artroline.com.tr\/en\/urunler\/titanyum-interferans-vidasi\/","title":{"rendered":"TITANYUM INTERFERANCE SCREW"},"content":{"rendered":"","protected":false},"excerpt":{"rendered":"<p>Artroline interference screws are made of Ti -6Al-4V and PEEK raw materials for use in ACL\/PCL\/BTB fixation and have a wide range of diameters and lengths.<\/p>\n<p>&nbsp;<\/p>\n<p><strong>Product Codes<\/strong><\/p>\n<ul>\n<li><span style=\"font-size: 13px;\">ATS-7025 ARTROL\u0130NE T\u0130TANYUM \u0130NTERFERANCE SCREW 7*25 MM<\/span><\/li>\n<li><span style=\"font-size: 13px;\">ATS-7028 ARTROL\u0130NE T\u0130TANYUM \u0130NTERFERANCE SCREW 7*28 MM<\/span><\/li>\n<li><span style=\"font-size: 13px;\">ATS-7030 ARTROL\u0130NE T\u0130TANYUM \u0130NTERFERANCE SCREW 7*30 MM<\/span><\/li>\n<li><span style=\"font-size: 13px;\">ATS-8025 ARTROL\u0130NE T\u0130TANYUM \u0130NTERFERANCE SCREW 8*25 MM<\/span><\/li>\n<li><span style=\"font-size: 13px;\">ATS-8028 ARTROL\u0130NE T\u0130TANYUM \u0130NTERFERANCE SCREW 8*28 MM<\/span><\/li>\n<li><span style=\"font-size: 13px;\">ATS-8030 ARTROL\u0130NE T\u0130TANYUM \u0130NTERFERANCE SCREW 8*30 MM<\/span><\/li>\n<li><span style=\"font-size: 13px;\">ATS-9025 ARTROL\u0130NE T\u0130TANYUM \u0130NTERFERANCE SCREW 9*25 MM<\/span><\/li>\n<li><span style=\"font-size: 13px;\">ATS-9028 ARTROL\u0130NE T\u0130TANYUM \u0130NTERFERANCE SCREW 9*28 MM<\/span><\/li>\n<li><span style=\"font-size: 13px;\">ATS-9030 ARTROL\u0130NE T\u0130TANYUM \u0130NTERFERANCE SCREW 9*30 MM<\/span><\/li>\n<li><span style=\"font-size: 13px;\">ATS-10025 ARTROL\u0130NE T\u0130TANYUM \u0130NTERFERANCE SCREW 10*25 MM<\/span><\/li>\n<li><span style=\"font-size: 13px;\">ATS-10028 ARTROL\u0130NE T\u0130TANYUM \u0130NTERFERANCE SCREW 10*28 MM<\/span><\/li>\n<li><span style=\"font-size: 13px;\">ATS-10030 ARTROL\u0130NE T\u0130TANYUM \u0130NTERFERANCE SCREW 10*30 MM<\/span><\/li>\n<li><span style=\"font-size: 13px;\">ATS-11025 ARTROL\u0130NE T\u0130TANYUM \u0130NTERFERANCE SCREW 11*25 MM<\/span><\/li>\n<li><span style=\"font-size: 13px;\">ATS-11028 ARTROL\u0130NE T\u0130TANYUM \u0130NTERFERANCE SCREW 11*28 MM<\/span><\/li>\n<li><span style=\"font-size: 13px;\">ATS-11030 ARTROL\u0130NE T\u0130TANYUM \u0130NTERFERANCE SCREW 11*30 MM<\/span><\/li>\n<li><span style=\"font-size: 13px;\">ATS-12025 ARTROL\u0130NE T\u0130TANYUM \u0130NTERFERANCE SCREW 12*25 MM<\/span><\/li>\n<li><span style=\"font-size: 13px;\">ATS-12028 ARTROL\u0130NE T\u0130TANYUM \u0130NTERFERANCE SCREW 12*28 MM<\/span><\/li>\n<li><span style=\"font-size: 13px;\">ATS-12030 ARTROL\u0130NE T\u0130TANYUM \u0130NTERFERANCE SCREW 12*30 MM<\/span><\/li>\n<\/ul>","protected":false},"featured_media":479,"comment_status":"closed","ping_status":"closed","template":"","meta":[],"class_list":{"0":"post-478","1":"product","2":"type-product","3":"status-publish","4":"has-post-thumbnail","6":"product_cat-diz-urunleri","8":"first","9":"instock","10":"shipping-taxable","11":"product-type-simple"},"_links":{"self":[{"href":"https:\/\/www.artroline.com.tr\/en\/wp-json\/wp\/v2\/product\/478"}],"collection":[{"href":"https:\/\/www.artroline.com.tr\/en\/wp-json\/wp\/v2\/product"}],"about":[{"href":"https:\/\/www.artroline.com.tr\/en\/wp-json\/wp\/v2\/types\/product"}],"replies":[{"embeddable":true,"href":"https:\/\/www.artroline.com.tr\/en\/wp-json\/wp\/v2\/comments?post=478"}],"wp:featuredmedia":[{"embeddable":true,"href":"https:\/\/www.artroline.com.tr\/en\/wp-json\/wp\/v2\/media\/479"}],"wp:attachment":[{"href":"https:\/\/www.artroline.com.tr\/en\/wp-json\/wp\/v2\/media?parent=478"}],"curies":[{"name":"wp","href":"https:\/\/api.w.org\/{rel}","templated":true}]}}