{"id":484,"date":"2022-09-17T08:30:58","date_gmt":"2022-09-17T08:30:58","guid":{"rendered":"https:\/\/www.artroline.com.tr\/?post_type=product&#038;p=484"},"modified":"2022-09-17T08:41:58","modified_gmt":"2022-09-17T08:41:58","slug":"2-4-trokar-tip-pin","status":"publish","type":"product","link":"https:\/\/www.artroline.com.tr\/en\/urunler\/2-4-trokar-tip-pin\/","title":{"rendered":"2.4 PASSING PIN TROCHAR TIP"},"content":{"rendered":"","protected":false},"excerpt":{"rendered":"<p>It is designed to open the tibial and femoral tunnels at the most accurate angle and to be used during the transfer of the implant. There are trocar and drill tip designs.<\/p>\n<p>&nbsp;<\/p>\n<p><strong>Product Codes<\/strong><\/p>\n<ul>\n<li><span style=\"font-size: 13px;\">APP-2024 ARTROL\u0130NE 2.4 PASSING P\u0130N TROCHAR T\u0130P<\/span><\/li>\n<\/ul>","protected":false},"featured_media":482,"comment_status":"closed","ping_status":"closed","template":"","meta":[],"class_list":{"0":"post-484","1":"product","2":"type-product","3":"status-publish","4":"has-post-thumbnail","6":"product_cat-diz-urunleri","8":"first","9":"instock","10":"shipping-taxable","11":"product-type-simple"},"_links":{"self":[{"href":"https:\/\/www.artroline.com.tr\/en\/wp-json\/wp\/v2\/product\/484"}],"collection":[{"href":"https:\/\/www.artroline.com.tr\/en\/wp-json\/wp\/v2\/product"}],"about":[{"href":"https:\/\/www.artroline.com.tr\/en\/wp-json\/wp\/v2\/types\/product"}],"replies":[{"embeddable":true,"href":"https:\/\/www.artroline.com.tr\/en\/wp-json\/wp\/v2\/comments?post=484"}],"wp:featuredmedia":[{"embeddable":true,"href":"https:\/\/www.artroline.com.tr\/en\/wp-json\/wp\/v2\/media\/482"}],"wp:attachment":[{"href":"https:\/\/www.artroline.com.tr\/en\/wp-json\/wp\/v2\/media?parent=484"}],"curies":[{"name":"wp","href":"https:\/\/api.w.org\/{rel}","templated":true}]}}