{"id":492,"date":"2022-09-17T08:45:13","date_gmt":"2022-09-17T08:45:13","guid":{"rendered":"https:\/\/www.artroline.com.tr\/?post_type=product&#038;p=492"},"modified":"2022-09-17T08:47:10","modified_gmt":"2022-09-17T08:47:10","slug":"mikro-kirik-teli","status":"publish","type":"product","link":"https:\/\/www.artroline.com.tr\/en\/urunler\/mikro-kirik-teli\/","title":{"rendered":"MICROFRACTURE FIXATION SYSTEM"},"content":{"rendered":"","protected":false},"excerpt":{"rendered":"<p>1 cm diameter and 10 mm depth. Super elastic nitinol. Ergonomic handle at different angles.<\/p>\n<p>&nbsp;<\/p>\n<p><strong>Product Codes<\/strong><\/p>\n<ul>\n<li><span style=\"font-size: 13px;\">MKT-1000 ARTROM\u0130C M\u0130CROFRACTURE F\u0130XATION SYSTEM<\/span><\/li>\n<\/ul>","protected":false},"featured_media":493,"comment_status":"closed","ping_status":"closed","template":"","meta":[],"class_list":{"0":"post-492","1":"product","2":"type-product","3":"status-publish","4":"has-post-thumbnail","6":"product_cat-diz-urunleri","8":"first","9":"instock","10":"shipping-taxable","11":"product-type-simple"},"_links":{"self":[{"href":"https:\/\/www.artroline.com.tr\/en\/wp-json\/wp\/v2\/product\/492"}],"collection":[{"href":"https:\/\/www.artroline.com.tr\/en\/wp-json\/wp\/v2\/product"}],"about":[{"href":"https:\/\/www.artroline.com.tr\/en\/wp-json\/wp\/v2\/types\/product"}],"replies":[{"embeddable":true,"href":"https:\/\/www.artroline.com.tr\/en\/wp-json\/wp\/v2\/comments?post=492"}],"wp:featuredmedia":[{"embeddable":true,"href":"https:\/\/www.artroline.com.tr\/en\/wp-json\/wp\/v2\/media\/493"}],"wp:attachment":[{"href":"https:\/\/www.artroline.com.tr\/en\/wp-json\/wp\/v2\/media?parent=492"}],"curies":[{"name":"wp","href":"https:\/\/api.w.org\/{rel}","templated":true}]}}